{"id":29134,"date":"2024-12-09T11:37:40","date_gmt":"2024-12-09T11:37:40","guid":{"rendered":"https:\/\/wordpress-1203075-5579416.cloudwaysapps.com\/jogi-kozlemeny\/"},"modified":"2025-06-03T09:11:37","modified_gmt":"2025-06-03T09:11:37","slug":"jogi-kozlemeny","status":"publish","type":"page","link":"https:\/\/connectedfun.es\/hu\/jogi-kozlemeny\/","title":{"rendered":"Jogi k\u00f6zlem\u00e9ny"},"content":{"rendered":"\t\t<div data-elementor-type=\"wp-page\" data-elementor-id=\"29134\" class=\"elementor elementor-29134 elementor-25050\" data-elementor-post-type=\"page\">\n\t\t\t\t<div class=\"elementor-element elementor-element-665abaf e-flex e-con-boxed e-con e-parent\" data-id=\"665abaf\" data-element_type=\"container\">\n\t\t\t\t\t<div class=\"e-con-inner\">\n\t\t\t\t<div class=\"elementor-element elementor-element-cd7711f elementor-widget elementor-widget-text-editor\" data-id=\"cd7711f\" data-element_type=\"widget\" data-widget_type=\"text-editor.default\">\n\t\t\t\t<div class=\"elementor-widget-container\">\n\t\t\t\t\t\t\t\t\t<p><b>JOGI FELH\u00cdV\u00c1S<\/b><\/p>\n<p><b><\/b><\/p>\n<ul>\n<li aria-level=\"1\">\n<h4><b>C\u00e9l \u00e9s elfogad\u00e1s<\/b><\/h4>\n<\/li>\n<\/ul>\n<p><span style=\"font-weight: 400;\">Ez a jogi k\u00f6zlem\u00e9ny a k\u00f6vetkez\u0151 weboldal haszn\u00e1lat\u00e1t szab\u00e1lyozza: www.wordpress-1203075-5579416.cloudwaysapps.com.<\/span><\/p>\n<p><span style=\"font-weight: 400;\">A www.wordpress-1203075-5579416.cloudwaysapps.com weboldal olyan szolg\u00e1ltat\u00e1sokat ny\u00fajt, amelyek els\u0151dleges c\u00e9lja, hogy lehet\u0151v\u00e9 tegye a felhaszn\u00e1l\u00f3k \u00e9s a jogalany k\u00f6z\u00f6tti kapcsolatot, ak\u00e1r a kapcsolatfelv\u00e9tel, a k\u00e9r\u00e9s megv\u00e1laszol\u00e1sa, a panaszkezel\u00e9s, az adatv\u00e9delmi jogok gyakorl\u00e1sa vagy az \u00e1raj\u00e1nlatk\u00e9r\u00e9s c\u00e9lj\u00e1b\u00f3l.<\/span><\/p>\n<p><span style=\"font-weight: 400;\">A www.wordpress-1203075-5579416.cloudwaysapps.com weboldalon val\u00f3 b\u00f6ng\u00e9sz\u00e9s a felhaszn\u00e1l\u00f3 felt\u00e9tel\u00e9t jelenti, \u00e9s a jelen jogi k\u00f6zlem\u00e9nyben foglalt valamennyi rendelkez\u00e9s teljes \u00e9s fenntart\u00e1s n\u00e9lk\u00fcli elfogad\u00e1s\u00e1t, amely a jelen jogi k\u00f6zlem\u00e9nyben foglalt valamennyi rendelkez\u00e9s m\u00f3dos\u00edt\u00e1s\u00e1nak is al\u00e1vethet\u0151.<\/span><\/p>\n<p><span style=\"font-weight: 400;\">A felhaszn\u00e1l\u00f3 v\u00e1llalja, hogy a weboldalt a t\u00f6rv\u00e9nyeknek, a j\u00f3hiszem\u0171s\u00e9gnek, a k\u00f6zrendnek, a k\u00f6zleked\u00e9si szok\u00e1soknak \u00e9s a jelen jogi t\u00e1j\u00e9koztat\u00f3nak megfelel\u0151en haszn\u00e1lja. A felhaszn\u00e1l\u00f3 felel a CONNECTEDFUN HOLIDAYS, S.L. \u00e9s harmadik felek fel\u00e9 minden olyan k\u00e1r\u00e9rt, amely e k\u00f6telezetts\u00e9g be nem tart\u00e1sa k\u00f6vetkezt\u00e9ben keletkezik. <\/span><\/p>\n<ul>\n<li aria-level=\"1\">\n<h4><b>A weboldal tulajdonjoga \u00e9s az inform\u00e1ci\u00f3s t\u00e1rsadalommal \u00f6sszef\u00fcgg\u0151 szolg\u00e1ltat\u00f3 azonos\u00edt\u00e1sa<\/b><\/h4>\n<\/li>\n<\/ul>\n<p><span style=\"font-weight: 400;\">Az inform\u00e1ci\u00f3s t\u00e1rsadalom szolg\u00e1ltat\u00e1sair\u00f3l \u00e9s az elektronikus kereskedelemr\u0151l sz\u00f3l\u00f3, 2002. j\u00falius 11-i 34\/2002. sz. t\u00f6rv\u00e9ny 10. cikk\u00e9ben el\u0151\u00edrt \u00e1ltal\u00e1nos t\u00e1j\u00e9koztat\u00e1s elv\u00e9nek betart\u00e1sa \u00e9rdek\u00e9ben t\u00e1j\u00e9koztatjuk felhaszn\u00e1l\u00f3inkat, hogy ez a weboldal a CONNECTEDFUN HOLIDAYS, S.L. tulajdon\u00e1ban van, ad\u00f3azonos\u00edt\u00f3 k\u00f3dja B56932932, bejegyezve az Egyes\u00fclt Kir\u00e1lys\u00e1gban. <\/span><span style=\"font-weight: 400;\">_______ kereskedelmi nyilv\u00e1ntart\u00e1sban a ___________ oldalon, a ________ k\u00f6tet _____ f\u00f3li\u00f3j\u00e1n, a _____ r\u00e9szleg ________ oldal\u00e1n.<\/span><\/p>\n<table>\n<tbody>\n<tr>\n<td colspan=\"3\">\n<p><span style=\"font-weight: 400;\">C\u00edm:<\/span><\/p>\n<\/td>\n<td><br><\/td>\n<td colspan=\"3\">\n<p><span style=\"font-weight: 400;\">Calle Panizo 1, Pareado 2, 38652 &#8211; Arona (Santa Cruz de Tenerife)<\/span><\/p>\n<\/td>\n<\/tr>\n<tr>\n<td>&nbsp;<\/td>\n<td>&nbsp;<\/td>\n<td>&nbsp;<\/td>\n<td>&nbsp;<\/td>\n<td>&nbsp;<\/td>\n<td>&nbsp;<\/td>\n<td>&nbsp;<\/td>\n<\/tr>\n<tr>\n<td colspan=\"3\">\n<p><span style=\"font-weight: 400;\">E-mail:<\/span><\/p>\n<\/td>\n<td>&nbsp;<\/td>\n<td colspan=\"3\">\n<p><span style=\"font-weight: 400;\">administracion@wordpress-1203075-5579416.cloudwaysapps.com<\/span><\/p>\n<\/td>\n<\/tr>\n<tr>\n<td>&nbsp;<\/td>\n<td>&nbsp;<\/td>\n<td>&nbsp;<\/td>\n<td>&nbsp;<\/td>\n<td>&nbsp;<\/td>\n<td>&nbsp;<\/td>\n<td>&nbsp;<\/td>\n<\/tr>\n<tr>\n<td colspan=\"3\">\n<p><span style=\"font-weight: 400;\">Telefon:<\/span><\/p>\n<\/td>\n<td>&nbsp;<\/td>\n<td colspan=\"3\">\n<p><span style=\"font-weight: 400;\">658 500 333<\/span><\/p>\n<\/td>\n<\/tr>\n<tr>\n<td>&nbsp;<\/td>\n<td>&nbsp;<\/td>\n<td>&nbsp;<\/td>\n<td>&nbsp;<\/td>\n<td>&nbsp;<\/td>\n<td>&nbsp;<\/td>\n<td>&nbsp;<\/td>\n<\/tr>\n<tr>\n<td colspan=\"3\">\n<p><span style=\"font-weight: 400;\">Web hosted by:&nbsp;<\/span><\/p>\n<\/td>\n<td>&nbsp;<\/td>\n<td colspan=\"3\">\n<p><span style=\"font-weight: 400;\">Hostinger<\/span><\/p>\n<\/td>\n<\/tr>\n<\/tbody>\n<\/table>\n<p><b><\/b><\/p>\n<ul>\n<li aria-level=\"1\">\n<h4><b>\u00c1ltal\u00e1nos hozz\u00e1f\u00e9r\u00e9si \u00e9s haszn\u00e1lati felt\u00e9telek<\/b><\/h4>\n<\/li>\n<\/ul>\n<p><span style=\"font-weight: 400;\">A weboldal \u00e9s szolg\u00e1ltat\u00e1sai ingyenesek \u00e9s szabadon hozz\u00e1f\u00e9rhet\u0151ek, b\u00e1r bizonyos ter\u00fcletek vagy szolg\u00e1ltat\u00e1sok haszn\u00e1lata adatgy\u0171jt\u0151 \u0171rlapok kit\u00f6lt\u00e9s\u00e9hez k\u00f6t\u00f6tt. Csak 18 \u00e9v feletti szem\u00e9lyek adhatnak meg adatokat weboldalunkon kereszt\u00fcl, 14 \u00e9v alatti gyermekek pedig sz\u00fcleik vagy gy\u00e1mjuk beleegyez\u00e9se n\u00e9lk\u00fcl nem adhatnak meg adatokat. <\/span><\/p>\n<p><span style=\"font-weight: 400;\">A Felhaszn\u00e1l\u00f3 garant\u00e1lja a CONNECTEDFUN HOLIDAYS, S.L. sz\u00e1m\u00e1ra megadott valamennyi adat hiteless\u00e9g\u00e9t \u00e9s naprak\u00e9szs\u00e9g\u00e9t, \u00e9s kiz\u00e1r\u00f3lagosan felel a hamis vagy pontatlan kijelent\u00e9sek\u00e9rt.<\/span><\/p>\n<p><span style=\"font-weight: 400;\">A www.wordpress-1203075-5579416.cloudwaysapps.com a k\u00f6vetkez\u0151 t\u00edpus\u00fa felhaszn\u00e1l\u00f3kkal rendelkezik:<\/span><\/p>\n<ul>\n<li style=\"font-weight: 400;\" aria-level=\"1\"><span style=\"font-weight: 400;\">Felhaszn\u00e1l\u00f3k, akik a rendelkez\u00e9sre \u00e1ll\u00f3 \u0171rlapok b\u00e1rmelyik\u00e9n adatokat adnak meg: A CONNECTEDFUN HOLIDAYS, S.L. \u00e1ltal k\u00e9rt szem\u00e9lyes adatok k\u00f6z\u00e9 tartozik a n\u00e9v \u00e9s az e-mail c\u00edm, valamint a felhaszn\u00e1l\u00f3 \u00e1ltal az \u0171rlapok kit\u00f6lt\u00e9sekor megadott adatok.<\/span><\/li>\n<li style=\"font-weight: 400;\" aria-level=\"1\"><span style=\"font-weight: 400;\">Azok a felhaszn\u00e1l\u00f3k, akik nem l\u00e9ptek kapcsolatba a CONNECTEDFUN HOLIDAYS, S.L.-vel, de akiknek az adatait \u00f6sszegy\u0171jt\u00f6tt\u00fck: S\u00fctik \u00e1ltal szolg\u00e1ltatott adatok<\/span><\/li>\n<li style=\"font-weight: 400;\" aria-level=\"1\"><span style=\"font-weight: 400;\">Az online \u00e1ruh\u00e1zunkon kereszt\u00fcl v\u00e1s\u00e1rl\u00f3 felhaszn\u00e1l\u00f3k: A felhaszn\u00e1l\u00f3 \u00e1ltal a v\u00e1s\u00e1rl\u00e1si folyamat sor\u00e1n megadott adatokat \u00e9s a v\u00e1s\u00e1rl\u00e1s adatait gy\u0171jtj\u00fck.<\/span><\/li>\n<\/ul>\n<p><b>3.1<\/b> <b>A szolg\u00e1ltat\u00e1saink felhaszn\u00e1l\u00f3ira vonatkoz\u00f3 szab\u00e1lyok \u00e9s haszn\u00e1lati tilalmak<\/b><\/p>\n<p><span style=\"font-weight: 400;\">A Felhaszn\u00e1l\u00f3 kifejezetten v\u00e1llalja, hogy a felk\u00edn\u00e1lt tartalmakat \u00e9s szolg\u00e1ltat\u00e1sokat megfelel\u0151en haszn\u00e1lja, \u00e9s nem haszn\u00e1lja fel azokat:<\/span><\/p>\n<ul>\n<li style=\"font-weight: 400;\" aria-level=\"1\"><span style=\"font-weight: 400;\">B\u0171n\u00f6z\u0151, er\u0151szakos, pornogr\u00e1f, rasszista, idegengy\u0171l\u00f6l\u0151, s\u00e9rt\u0151, terrorista bocs\u00e1natk\u00e9r\u0151 vagy \u00e1ltal\u00e1ban a t\u00f6rv\u00e9nyekkel vagy a k\u00f6zrenddel ellent\u00e9tes tartalmak terjeszt\u00e9se.<\/span><\/li>\n<li style=\"font-weight: 400;\" aria-level=\"1\"><span style=\"font-weight: 400;\">Sz\u00e1m\u00edt\u00f3g\u00e9pes v\u00edrusokat juttatni a h\u00e1l\u00f3zatba, vagy olyan m\u0171veleteket v\u00e9gezni, amelyek alkalmasak arra, hogy megv\u00e1ltoztass\u00e1k, megzavarj\u00e1k, megszak\u00edts\u00e1k vagy hib\u00e1kat vagy k\u00e1rokat okozzanak a CONNECTEDFUN HOLIDAYS, S.L. vagy harmadik felek elektronikus dokumentumaiban, adataiban vagy fizikai \u00e9s logikai rendszereiben; valamint akad\u00e1lyozz\u00e1k m\u00e1s felhaszn\u00e1l\u00f3k hozz\u00e1f\u00e9r\u00e9s\u00e9t a weboldalhoz \u00e9s annak szolg\u00e1ltat\u00e1saihoz.<\/span><\/li>\n<li style=\"font-weight: 400;\" aria-level=\"1\"><span style=\"font-weight: 400;\">A CONNECTEDFUN HOLIDAYS, S.L. vagy harmadik felek sz\u00e1m\u00edt\u00f3g\u00e9pes rendszereinek korl\u00e1tozott hozz\u00e1f\u00e9r\u00e9s\u0171 ter\u00fcleteihez val\u00f3 hozz\u00e1f\u00e9r\u00e9s megk\u00eds\u00e9rl\u00e9se \u00e9s adott esetben inform\u00e1ci\u00f3k kinyer\u00e9se.<\/span><\/li>\n<li style=\"font-weight: 400;\" aria-level=\"1\"><span style=\"font-weight: 400;\">a szellemi vagy ipari tulajdonjogok megs\u00e9rt\u00e9se, valamint a CONNECTEDFUN HOLIDAYS, S.L. vagy harmadik felek inform\u00e1ci\u00f3inak bizalmas jelleg\u00e9nek megs\u00e9rt\u00e9se.<\/span><\/li>\n<li style=\"font-weight: 400;\" aria-level=\"1\"><span style=\"font-weight: 400;\">M\u00e1s Felhaszn\u00e1l\u00f3, hat\u00f3s\u00e1gok vagy harmadik f\u00e9l szem\u00e9lyazonoss\u00e1g\u00e1nak kiad\u00e1sa.<\/span><\/li>\n<li style=\"font-weight: 400;\" aria-level=\"1\"><span style=\"font-weight: 400;\">A Tartalom sokszoros\u00edt\u00e1sa, m\u00e1sol\u00e1sa, terjeszt\u00e9se, hozz\u00e1f\u00e9rhet\u0151v\u00e9 t\u00e9tele vagy b\u00e1rmilyen m\u00e1s m\u00f3don t\u00f6rt\u00e9n\u0151 nyilv\u00e1nos k\u00f6zl\u00e9se, \u00e1talak\u00edt\u00e1sa vagy m\u00f3dos\u00edt\u00e1sa, kiv\u00e9ve, ha a megfelel\u0151 jogok tulajdonosa erre enged\u00e9lyt adott, vagy ha ez jogilag megengedett.<\/span><\/li>\n<li style=\"font-weight: 400;\" aria-level=\"1\"><span style=\"font-weight: 400;\">Rekl\u00e1mc\u00e9l\u00fa adatgy\u0171jt\u00e9s, valamint el\u0151zetes k\u00e9r\u00e9s vagy beleegyez\u00e9s n\u00e9lk\u00fcl b\u00e1rmilyen t\u00edpus\u00fa rekl\u00e1m \u00e9s \u00e9rt\u00e9kes\u00edt\u00e9si vagy egy\u00e9b kereskedelmi c\u00e9l\u00fa kommunik\u00e1ci\u00f3 k\u00fcld\u00e9se.<\/span><\/li>\n<\/ul>\n<p><b>3.2. Elj\u00e1r\u00e1s jogellenes tev\u00e9kenys\u00e9g eset\u00e9n<\/b><\/p>\n<p><span style=\"font-weight: 400;\">Abban az esetben, ha b\u00e1rmely felhaszn\u00e1l\u00f3 vagy harmadik f\u00e9l \u00fagy v\u00e9li, hogy olyan t\u00e9nyek vagy k\u00f6r\u00fclm\u00e9nyek mer\u00fclnek fel, amelyek a weboldalon tal\u00e1lhat\u00f3 vagy azon kereszt\u00fcl el\u00e9rhet\u0151 weboldalakon tal\u00e1lhat\u00f3 b\u00e1rmely tartalom felhaszn\u00e1l\u00e1s\u00e1nak \u00e9s\/vagy b\u00e1rmely tev\u00e9kenys\u00e9g v\u00e9gz\u00e9s\u00e9nek jogellenes jelleg\u00e9t mutatj\u00e1k, k\u00f6teles a CONNECTEDFUN HOLIDAYS, S.L.-nek \u00e9rtes\u00edt\u00e9st k\u00fcldeni, amelyben megfelel\u0151en azonos\u00edtja mag\u00e1t, meghat\u00e1rozza az \u00e1ll\u00edt\u00f3lagos jogs\u00e9rt\u00e9seket, \u00e9s kifejezetten kijelenti, hogy felel\u0151ss\u00e9ggel tartozik a bejelent\u00e9sben megadott inform\u00e1ci\u00f3k pontoss\u00e1g\u00e1\u00e9rt.<\/span><\/p>\n<ol start=\"4\">\n<li><b>  Adatv\u00e9delmi szab\u00e1lyzat<\/b><\/li>\n<\/ol>\n<p><span style=\"font-weight: 400;\">A felhaszn\u00e1l\u00f3 megtekintheti, hogy a CONNECTEDFUN HOLIDAYS, S.L. hogyan haszn\u00e1lja fel az adatait \u00e9s a linkre bevezetett biztons\u00e1gi int\u00e9zked\u00e9seket: \u201eAdatv\u00e9delmi politika\u201d.<\/span><\/p>\n<ol start=\"5\">\n<li><b>  S\u00fctikre vonatkoz\u00f3 ir\u00e1nyelvek<\/b><\/li>\n<\/ol>\n<p><span style=\"font-weight: 400;\">A CONNECTEDFUN HOLIDAYS, S.L. s\u00fctiket telep\u00edt a felhaszn\u00e1l\u00f3 sz\u00e1m\u00edt\u00f3g\u00e9p\u00e9re. Ha t\u00f6bbet szeretne megtudni a weboldalunkon tal\u00e1lhat\u00f3 cookie-kr\u00f3l, l\u00e1togasson el az al\u00e1bbi linkre: \u201es\u00fctikre vonatkoz\u00f3 ir\u00e1nyelvek\u201d. <\/span><\/p>\n<ol start=\"6\">\n<li><b>  \u00c9rtes\u00edt\u00e9sek<\/b><\/li>\n<\/ol>\n<p><span style=\"font-weight: 400;\">A felhaszn\u00e1l\u00f3k \u00e9s a CONNECTEDFUN HOLIDAYS, S.L. k\u00f6z\u00f6tti minden \u00e9rtes\u00edt\u00e9s \u00e9s kommunik\u00e1ci\u00f3 minden szempontb\u00f3l akkor tekintend\u0151 hat\u00e1lyosnak, ha az postai \u00faton, e-mailben vagy telefonon t\u00f6rt\u00e9nik. A felhaszn\u00e1l\u00f3knak a CONNECTEDFUN HOLIDAYS, S.L.-vel a k\u00f6vetkez\u0151 el\u00e9rhet\u0151s\u00e9geken kell felvenni\u00fck a kapcsolatot: <\/span><\/p>\n<ul>\n<li style=\"font-weight: 400;\" aria-level=\"1\"><span style=\"font-weight: 400;\">Postai \u00faton t\u00f6rt\u00e9n\u0151 elk\u00fcld\u00e9s a k\u00f6vetkez\u0151 c\u00edmre: CONNECTEDFUN HOLIDAYS, S.L. &#8211; Calle Panizo 1, Pareado 2, 38652 &#8211; Arona (Santa Cruz de Tenerife).<\/span><\/li>\n<li style=\"font-weight: 400;\" aria-level=\"1\"><span style=\"font-weight: 400;\">E-mailben a k\u00f6vetkez\u0151 c\u00edmre: administracion@wordpress-1203075-5579416.cloudwaysapps.com<\/span><\/li>\n<\/ul>\n<ol start=\"7\">\n<li><b>  Ipari tulajdon \u00e9s szellemi tulajdon<\/b><\/li>\n<\/ol>\n<p><span style=\"font-weight: 400;\">A weboldal minden tartalma, mint p\u00e9ld\u00e1ul a sz\u00f6vegek, f\u00e9nyk\u00e9pek, grafik\u00e1k, k\u00e9pek, ikonok, technol\u00f3gi\u00e1k, szoftverek, valamint a grafikai design \u00e9s a forr\u00e1sk\u00f3dok olyan m\u0171vet alkotnak, amely a CONNECTEDFUN HOLIDAYS, S.L. tulajdon\u00e1t k\u00e9pezi, \u00e9s a weboldal megfelel\u0151 haszn\u00e1lat\u00e1hoz felt\u00e9tlen\u00fcl sz\u00fcks\u00e9ges m\u00e9rt\u00e9ket meghalad\u00f3an a felhaszn\u00e1l\u00f3ra nem ruh\u00e1zhat\u00f3k \u00e1t a felhaszn\u00e1l\u00e1si jogok.<\/span><\/p>\n<p><span style=\"font-weight: 400;\">R\u00f6viden, az e weboldalhoz hozz\u00e1f\u00e9r\u0151 felhaszn\u00e1l\u00f3k megtekinthetik a tartalmat, \u00e9s adott esetben enged\u00e9lyezett mag\u00e1nm\u00e1solatokat k\u00e9sz\u00edthetnek, felt\u00e9ve, hogy a reproduk\u00e1lt elemeket k\u00e9s\u0151bb nem adj\u00e1k \u00e1t harmadik f\u00e9lnek, nem telep\u00edtik \u0151ket h\u00e1l\u00f3zatokhoz kapcsol\u00f3d\u00f3 szerverekre, \u00e9s nem teszik ki \u0151ket semmif\u00e9le hasznos\u00edt\u00e1snak, kiz\u00e1r\u00f3lag \u00e9s kiz\u00e1r\u00f3lag a szolg\u00e1ltat\u00e1s fenn\u00e1ll\u00e1sa alatt.<\/span><\/p>\n<p><span style=\"font-weight: 400;\">Hasonl\u00f3k\u00e9ppen, a weboldalon megjelen\u0151 valamennyi v\u00e9djegy, kereskedelmi n\u00e9v vagy b\u00e1rmilyen megk\u00fcl\u00f6nb\u00f6ztet\u0151 jelz\u00e9s a CONNECTEDFUN HOLIDAYS, S.L. tulajdon\u00e1t k\u00e9pezi, \u00e9s nem \u00e9rtelmezhet\u0151 \u00fagy, hogy a weboldal haszn\u00e1lata vagy a weboldalhoz val\u00f3 hozz\u00e1f\u00e9r\u00e9s b\u00e1rmilyen jogot biztos\u00edt a Felhaszn\u00e1l\u00f3 sz\u00e1m\u00e1ra.<\/span><\/p>\n<p><span style=\"font-weight: 400;\">Tilos a tartalom terjeszt\u00e9se, m\u00f3dos\u00edt\u00e1sa, \u00e1tad\u00e1sa vagy nyilv\u00e1nos k\u00f6zl\u00e9se, valamint minden m\u00e1s, a CONNECTEDFUN HOLIDAYS, S.L. \u00e1ltal nem kifejezetten enged\u00e9lyezett cselekm\u00e9ny. A CONNECTEDFUN HOLIDAYS, S.L. a szab\u00e1lyok be nem tart\u00e1sa eset\u00e9n megteszi a megfelel\u0151 jogi l\u00e9p\u00e9seket.<\/span><\/p>\n<ol start=\"8\">\n<li><b>  Jogi nyilatkozat \u00e9s a jelen jogi k\u00f6zlem\u00e9ny m\u00f3dos\u00edt\u00e1sa<\/b><\/li>\n<\/ol>\n<p><span style=\"font-weight: 400;\">A www.wordpress-1203075-5579416.cloudwaysapps.com weboldal olyan inform\u00e1ci\u00f3biztons\u00e1gi technik\u00e1kat alkalmaz, mint p\u00e9ld\u00e1ul t\u0171zfalak, hozz\u00e1f\u00e9r\u00e9s-ellen\u0151rz\u00e9si elj\u00e1r\u00e1sok \u00e9s kriptogr\u00e1fiai mechanizmusok, amelyek c\u00e9lja az adatokhoz val\u00f3 illet\u00e9ktelen hozz\u00e1f\u00e9r\u00e9s megakad\u00e1lyoz\u00e1sa \u00e9s az adatok titkoss\u00e1g\u00e1nak garant\u00e1l\u00e1sa.<\/span><\/p>\n<p><span style=\"font-weight: 400;\">Az ezen a weboldalon terjesztett inform\u00e1ci\u00f3k kiz\u00e1r\u00f3lag t\u00e1j\u00e9koztat\u00e1si c\u00e9lokat szolg\u00e1lnak, \u00e9s a CONNECTEDFUN HOLIDAYS, S.L. fenntartja a jogot, hogy azokat b\u00e1rmilyen c\u00e9lra felhaszn\u00e1lja.&nbsp;a jogot, hogy el\u0151zetes \u00e9rtes\u00edt\u00e9s n\u00e9lk\u00fcl r\u00e9szben vagy eg\u00e9szben elt\u00e1vol\u00edtsa vagy felf\u00fcggessze a terjeszt\u00e9s\u00e9t, valamint hogy m\u00f3dos\u00edtsa a weboldal szerkezet\u00e9t \u00e9s tartalm\u00e1t, \u00e9s ak\u00e1r korl\u00e1tozhatja vagy megtagadhatja az ilyen inform\u00e1ci\u00f3khoz val\u00f3 hozz\u00e1f\u00e9r\u00e9st.&nbsp;A CONNECTEDFUN HOLIDAYS, S.L. igyekszik fenntartani ezen inform\u00e1ci\u00f3k min\u0151s\u00e9g\u00e9t \u00e9s naprak\u00e9szs\u00e9g\u00e9t, valamint elker\u00fclni \u00e9s minimaliz\u00e1lni az esetleges hib\u00e1kat, de a CONNECTEDFUN HOLIDAYS, S.L.&nbsp;nem v\u00e1llal felel\u0151ss\u00e9get a terjesztett inform\u00e1ci\u00f3k alapj\u00e1n hozott d\u00f6nt\u00e9sekb\u0151l ered\u0151 k\u00e1rok\u00e9rt vagy vesztes\u00e9gek\u00e9rt; sem az azokban szerepl\u0151 pontatlans\u00e1gok\u00e9rt, hi\u00e1nyoss\u00e1gok\u00e9rt vagy hib\u00e1k\u00e9rt, sem a weboldal vagy b\u00e1rmely m\u00e1s k\u00fcls\u0151 kapcsolat haszn\u00e1lat\u00e1b\u00f3l ered\u0151 probl\u00e9m\u00e1k\u00e9rt; sem a felhaszn\u00e1l\u00f3 szoftver\u00e9ben vagy hardver\u00e9ben a weboldalhoz val\u00f3 hozz\u00e1f\u00e9r\u00e9sb\u0151l ered\u0151 k\u00e1rok\u00e9rt \u00e9s\/vagy vesztes\u00e9gek\u00e9rt.<\/span><\/p>\n<p><span style=\"font-weight: 400;\">A felhaszn\u00e1l\u00f3k kifejezetten elfogadj\u00e1k, hogy a CONNECTEDFUN HOLIDAYS, S.L. nem v\u00e1llal felel\u0151ss\u00e9get az \u00e1tvitel\u00fckh\u00f6z vagy adataikhoz val\u00f3 jogosulatlan hozz\u00e1f\u00e9r\u00e9s\u00e9rt vagy azok megv\u00e1ltoztat\u00e1s\u00e1\u00e9rt, a k\u00fcld\u00f6tt vagy fogadott vagy nem k\u00fcld\u00f6tt vagy nem fogadott anyagok\u00e9rt vagy adatok\u00e9rt, illetve a weboldalon kereszt\u00fcl v\u00e9grehajtott tranzakci\u00f3k\u00e9rt.<\/span><\/p>\n<p><span style=\"font-weight: 400;\">A CONNECTEDFUN HOLIDAYS, S.L. fenntartja a jogot, hogy a jelen jogi k\u00f6zlem\u00e9nyt egyoldal\u00faan \u00e9s el\u0151zetes \u00e9rtes\u00edt\u00e9s n\u00e9lk\u00fcl m\u00f3dos\u00edtsa az \u00e1ltala megfelel\u0151nek \u00edt\u00e9lt felt\u00e9telek szerint, azzal a kiz\u00e1r\u00f3lagos k\u00f6telezetts\u00e9ggel, hogy a felhaszn\u00e1l\u00f3t a m\u00f3dos\u00edt\u00e1sokr\u00f3l az al\u00e1bbi el\u00e9rhet\u0151s\u00e9geken kereszt\u00fcl t\u00e1j\u00e9koztassa. <\/span><a href=\"http:\/\/www.aixacorpore.es\/\"><span style=\"font-weight: 400;\">www.wordpress-1203075-5579416.cloudwaysapps.com<\/span><\/a><span style=\"font-weight: 400;\">.<\/span><\/p>\n<ol start=\"9\">\n<li><b>  R\u00e9szleges semmiss\u00e9g<\/b><\/li>\n<\/ol>\n<p><span style=\"font-weight: 400;\">Ha valamelyik z\u00e1rad\u00e9kot az illet\u00e9kes hat\u00f3s\u00e1g joger\u0151s hat\u00e1rozata \u00e9rv\u00e9nytelennek nyilv\u00e1n\u00edtja, a t\u00f6bbi felt\u00e9tel hat\u00e1lyban marad, \u00e9s az \u00e9rv\u00e9nytelenn\u00e9 nyilv\u00e1n\u00edt\u00e1s nem \u00e9rinti azokat.<\/span><\/p>\n<ol start=\"10\">\n<li><b>  Alkalmazand\u00f3 jog \u00e9s illet\u00e9kes b\u00edr\u00f3s\u00e1gok<\/b><\/li>\n<\/ol>\n<p><span style=\"font-weight: 400;\">Ez a weboldal a spanyol jogszab\u00e1lyok \u00e9s az alkalmazand\u00f3 eur\u00f3pai rendeletek rendelkez\u00e9seinek hat\u00e1lya al\u00e1 tartozik.<\/span><\/p>\n<p><span style=\"font-weight: 400;\">A weboldal vagy a term\u00e9kek haszn\u00e1lat\u00e1b\u00f3l ered\u0151 vagy azzal kapcsolatos b\u00e1rmilyen jogvita a Santa Cruz de Tenerife tartom\u00e1ny spanyol b\u00edr\u00f3s\u00e1gainak nem kiz\u00e1r\u00f3lagos joghat\u00f3s\u00e1ga al\u00e1 tartozik.<\/span><\/p>\n<p><span style=\"font-weight: 400;\">Ha \u00d6n v\u00e9gfogyaszt\u00f3, a jelen z\u00e1rad\u00e9kban foglaltak nem \u00e9rintik az alkalmazand\u00f3 jog szerinti fogyaszt\u00f3i jogait, \u00e9s \u00d6n d\u00f6nthet \u00fagy, hogy a jelen Felt\u00e9telekkel kapcsolatos jogainak \u00e9rv\u00e9nyes\u00edt\u00e9se \u00e9rdek\u00e9ben a lak\u00f3helye szerinti b\u00edr\u00f3s\u00e1g vagy b\u00edr\u00f3s\u00e1gok el\u0151tt keresetet ny\u00fajt be.<\/span><\/p>\n<p><\/p>\n<p><br><\/p>\t\t\t\t\t\t\t\t<\/div>\n\t\t\t\t<\/div>\n\t\t\t\t\t<\/div>\n\t\t\t\t<\/div>\n\t\t\t\t<\/div>\n\t\t","protected":false},"excerpt":{"rendered":"<p>JOGI FELH\u00cdV\u00c1S C\u00e9l \u00e9s elfogad\u00e1s Ez a jogi k\u00f6zlem\u00e9ny a k\u00f6vetkez\u0151 weboldal haszn\u00e1lat\u00e1t szab\u00e1lyozza: www.wordpress-1203075-5579416.cloudwaysapps.com. A www.wordpress-1203075-5579416.cloudwaysapps.com weboldal olyan szolg\u00e1ltat\u00e1sokat [&hellip;]<\/p>\n","protected":false},"author":1,"featured_media":0,"parent":0,"menu_order":0,"comment_status":"closed","ping_status":"closed","template":"","meta":{"site-sidebar-layout":"default","site-content-layout":"","ast-site-content-layout":"default","site-content-style":"default","site-sidebar-style":"default","ast-global-header-display":"","ast-banner-title-visibility":"","ast-main-header-display":"","ast-hfb-above-header-display":"","ast-hfb-below-header-display":"","ast-hfb-mobile-header-display":"","site-post-title":"","ast-breadcrumbs-content":"","ast-featured-img":"","footer-sml-layout":"","theme-transparent-header-meta":"","adv-header-id-meta":"","stick-header-meta":"","header-above-stick-meta":"","header-main-stick-meta":"","header-below-stick-meta":"","astra-migrate-meta-layouts":"default","ast-page-background-enabled":"default","ast-page-background-meta":{"desktop":{"background-color":"var(--ast-global-color-4)","background-image":"","background-repeat":"repeat","background-position":"center center","background-size":"auto","background-attachment":"scroll","background-type":"","background-media":"","overlay-type":"","overlay-color":"","overlay-opacity":"","overlay-gradient":""},"tablet":{"background-color":"","background-image":"","background-repeat":"repeat","background-position":"center center","background-size":"auto","background-attachment":"scroll","background-type":"","background-media":"","overlay-type":"","overlay-color":"","overlay-opacity":"","overlay-gradient":""},"mobile":{"background-color":"","background-image":"","background-repeat":"repeat","background-position":"center center","background-size":"auto","background-attachment":"scroll","background-type":"","background-media":"","overlay-type":"","overlay-color":"","overlay-opacity":"","overlay-gradient":""}},"ast-content-background-meta":{"desktop":{"background-color":"var(--ast-global-color-5)","background-image":"","background-repeat":"repeat","background-position":"center center","background-size":"auto","background-attachment":"scroll","background-type":"","background-media":"","overlay-type":"","overlay-color":"","overlay-opacity":"","overlay-gradient":""},"tablet":{"background-color":"var(--ast-global-color-5)","background-image":"","background-repeat":"repeat","background-position":"center center","background-size":"auto","background-attachment":"scroll","background-type":"","background-media":"","overlay-type":"","overlay-color":"","overlay-opacity":"","overlay-gradient":""},"mobile":{"background-color":"var(--ast-global-color-5)","background-image":"","background-repeat":"repeat","background-position":"center center","background-size":"auto","background-attachment":"scroll","background-type":"","background-media":"","overlay-type":"","overlay-color":"","overlay-opacity":"","overlay-gradient":""}},"_joinchat":[],"footnotes":""},"class_list":["post-29134","page","type-page","status-publish","hentry"],"_links":{"self":[{"href":"https:\/\/connectedfun.es\/hu\/wp-json\/wp\/v2\/pages\/29134","targetHints":{"allow":["GET"]}}],"collection":[{"href":"https:\/\/connectedfun.es\/hu\/wp-json\/wp\/v2\/pages"}],"about":[{"href":"https:\/\/connectedfun.es\/hu\/wp-json\/wp\/v2\/types\/page"}],"author":[{"embeddable":true,"href":"https:\/\/connectedfun.es\/hu\/wp-json\/wp\/v2\/users\/1"}],"replies":[{"embeddable":true,"href":"https:\/\/connectedfun.es\/hu\/wp-json\/wp\/v2\/comments?post=29134"}],"version-history":[{"count":1,"href":"https:\/\/connectedfun.es\/hu\/wp-json\/wp\/v2\/pages\/29134\/revisions"}],"predecessor-version":[{"id":29135,"href":"https:\/\/connectedfun.es\/hu\/wp-json\/wp\/v2\/pages\/29134\/revisions\/29135"}],"wp:attachment":[{"href":"https:\/\/connectedfun.es\/hu\/wp-json\/wp\/v2\/media?parent=29134"}],"curies":[{"name":"wp","href":"https:\/\/api.w.org\/{rel}","templated":true}]}}