{"id":29116,"date":"2024-11-17T15:55:51","date_gmt":"2024-11-17T15:55:51","guid":{"rendered":"https:\/\/wordpress-1203075-5579416.cloudwaysapps.com\/rolunk\/"},"modified":"2025-06-03T09:11:15","modified_gmt":"2025-06-03T09:11:15","slug":"rolunk","status":"publish","type":"page","link":"https:\/\/connectedfun.es\/hu\/rolunk\/","title":{"rendered":"R\u00f3lunk"},"content":{"rendered":"\t\t<div data-elementor-type=\"wp-page\" data-elementor-id=\"29116\" class=\"elementor elementor-29116 elementor-17024\" data-elementor-post-type=\"page\">\n\t\t\t\t<div class=\"elementor-element elementor-element-23b2263 e-flex e-con-boxed e-con e-parent\" data-id=\"23b2263\" data-element_type=\"container\">\n\t\t\t\t\t<div class=\"e-con-inner\">\n\t\t\t\t<div class=\"elementor-element elementor-element-28f3135 elementor-widget elementor-widget-text-editor\" data-id=\"28f3135\" data-element_type=\"widget\" data-widget_type=\"text-editor.default\">\n\t\t\t\t<div class=\"elementor-widget-container\">\n\t\t\t\t\t\t\t\t\t<p>\u00dcdv\u00f6z\u00f6lj\u00fck a <strong>ConnectedFun-on <\/strong>, ahol a nyaral\u00e1si \u00e9lm\u00e9nyt valami rendk\u00edv\u00fcliv\u00e9 alak\u00edtjuk!<\/p><p>Az eg\u00e9sz egy portug\u00e1liai faluban t\u00f6lt\u00f6tt csal\u00e1di nyaral\u00e1s sor\u00e1n kezd\u0151d\u00f6tt, ahol r\u00e1j\u00f6tt\u00fcnk, hogy nem \u00e1ll rendelkez\u00e9s\u00fcnkre elegend\u0151 inform\u00e1ci\u00f3 \u00e9s forr\u00e1s ahhoz, hogy teljes m\u00e9rt\u00e9kben \u00e9lvezhess\u00fck a nyaral\u00e1st. A ConnectedFun ebb\u0151l az ig\u00e9nyb\u0151l sz\u00fcletett. <\/p>\t\t\t\t\t\t\t\t<\/div>\n\t\t\t\t<\/div>\n\t\t\t\t<div class=\"elementor-element elementor-element-584ff11 elementor-widget elementor-widget-heading\" data-id=\"584ff11\" data-element_type=\"widget\" data-widget_type=\"heading.default\">\n\t\t\t\t<div class=\"elementor-widget-container\">\n\t\t\t\t\t<h2 class=\"elementor-heading-title elementor-size-default\">Mit tegy\u00fcnk?<\/h2>\t\t\t\t<\/div>\n\t\t\t\t<\/div>\n\t\t\t\t<div class=\"elementor-element elementor-element-a58392e elementor-widget elementor-widget-text-editor\" data-id=\"a58392e\" data-element_type=\"widget\" data-widget_type=\"text-editor.default\">\n\t\t\t\t<div class=\"elementor-widget-container\">\n\t\t\t\t\t\t\t\t\t<p>Fokozzuk a vend\u00e9g\u00e9lm\u00e9nyt a nyaral\u00f3h\u00e1zakban. Szenved\u00e9lyesen t\u00f6reksz\u00fcnk arra, hogy r\u00e9szletes inform\u00e1ci\u00f3kat \u00e9s foglal\u00e1si lehet\u0151s\u00e9geket ny\u00fajtsunk az olyan helyi szolg\u00e1ltat\u00e1sokr\u00f3l, mint az aut\u00f3k\u00f6lcs\u00f6nz\u00e9s, t\u00far\u00e1k, \u00e9ttermek \u00e9s m\u00e1s alapvet\u0151 szolg\u00e1ltat\u00e1sok. <\/p>\t\t\t\t\t\t\t\t<\/div>\n\t\t\t\t<\/div>\n\t\t\t\t<div class=\"elementor-element elementor-element-6d0b2e9 elementor-widget elementor-widget-heading\" data-id=\"6d0b2e9\" data-element_type=\"widget\" data-widget_type=\"heading.default\">\n\t\t\t\t<div class=\"elementor-widget-container\">\n\t\t\t\t\t<h2 class=\"elementor-heading-title elementor-size-default\">Hogyan csin\u00e1ljuk?<\/h2>\t\t\t\t<\/div>\n\t\t\t\t<\/div>\n\t\t\t\t<div class=\"elementor-element elementor-element-7410eeb elementor-widget elementor-widget-text-editor\" data-id=\"7410eeb\" data-element_type=\"widget\" data-widget_type=\"text-editor.default\">\n\t\t\t\t<div class=\"elementor-widget-container\">\n\t\t\t\t\t\t\t\t\t<p>A k\u00e9nyelmet a k\u00f6vetkez\u0151 szintre emelt\u00fck az NFC (Near Field Communication) technol\u00f3gia integr\u00e1l\u00e1s\u00e1val partnereink ingatlanjaiba. Az\u00e1ltal, hogy szolg\u00e1ltat\u00e1sainkat NFC-eszk\u00f6z\u00f6kh\u00f6z csatlakoztatjuk, a vend\u00e9gek azonnal hozz\u00e1f\u00e9rhetnek platformunkhoz a sz\u00e1ll\u00e1suk k\u00e9nyelm\u00e9b\u0151l, leegyszer\u0171s\u00edtve az \u00e9lm\u00e9nyeik megtervez\u00e9s\u00e9t. <\/p>\t\t\t\t\t\t\t\t<\/div>\n\t\t\t\t<\/div>\n\t\t\t\t<div class=\"elementor-element elementor-element-3f4fbdb elementor-widget elementor-widget-heading\" data-id=\"3f4fbdb\" data-element_type=\"widget\" data-widget_type=\"heading.default\">\n\t\t\t\t<div class=\"elementor-widget-container\">\n\t\t\t\t\t<h2 class=\"elementor-heading-title elementor-size-default\">El\u0151ny\u00f6k a vend\u00e9gek sz\u00e1m\u00e1ra<\/h2>\t\t\t\t<\/div>\n\t\t\t\t<\/div>\n\t\t\t\t\t<\/div>\n\t\t\t\t<\/div>\n\t\t<div class=\"elementor-element elementor-element-e42c17d e-flex e-con-boxed e-con e-parent\" data-id=\"e42c17d\" data-element_type=\"container\">\n\t\t\t\t\t<div class=\"e-con-inner\">\n\t\t\t\t<div class=\"elementor-element elementor-element-55020fe elementor-widget elementor-widget-text-editor\" data-id=\"55020fe\" data-element_type=\"widget\" data-widget_type=\"text-editor.default\">\n\t\t\t\t<div class=\"elementor-widget-container\">\n\t\t\t\t\t\t\t\t\t<p>&#8211; R\u00e9szletes inform\u00e1ci\u00f3k \u00e9s helyi aj\u00e1nl\u00e1sok az \u00d6n keze \u00fcgy\u00e9ben.<br>&#8211; Gyors \u00e9s egyszer\u0171 foglal\u00e1s garant\u00e1lt viteld\u00edjakkal \u00e9s hivatalos \u00e1rakkal.<br>&#8211; Szem\u00e9lyre szabott sz\u00e1ll\u00e1s\u00e9lm\u00e9ny.<\/p>\t\t\t\t\t\t\t\t<\/div>\n\t\t\t\t<\/div>\n\t\t\t\t<div class=\"elementor-element elementor-element-2b59899 elementor-widget elementor-widget-heading\" data-id=\"2b59899\" data-element_type=\"widget\" data-widget_type=\"heading.default\">\n\t\t\t\t<div class=\"elementor-widget-container\">\n\t\t\t\t\t<h2 class=\"elementor-heading-title elementor-size-default\">El\u0151ny\u00f6k a tulajdonosok sz\u00e1m\u00e1ra  <\/h2>\t\t\t\t<\/div>\n\t\t\t\t<\/div>\n\t\t\t\t<div class=\"elementor-element elementor-element-e80d212 elementor-widget elementor-widget-text-editor\" data-id=\"e80d212\" data-element_type=\"widget\" data-widget_type=\"text-editor.default\">\n\t\t\t\t<div class=\"elementor-widget-container\">\n\t\t\t\t\t\t\t\t\t<p>&#8211; Tov\u00e1bbi bev\u00e9telek gener\u00e1l\u00e1sa a platformon kereszt\u00fcl lefoglalt szolg\u00e1ltat\u00e1sok\u00e9rt j\u00e1r\u00f3 jutal\u00e9kok r\u00e9v\u00e9n.<br>&#8211; Jav\u00edtott \u00fcgyf\u00e9l-el\u00e9gedetts\u00e9g \u00e9s pozit\u00edv \u00e9rt\u00e9kel\u00e9sek.<br>&#8211; R\u00e9szv\u00e9tel a vend\u00e9gl\u00e1t\u00f3ipar \u00e1talakul\u00e1s\u00e1ban.<\/p>\t\t\t\t\t\t\t\t<\/div>\n\t\t\t\t<\/div>\n\t\t\t\t<div class=\"elementor-element elementor-element-34d59e1 elementor-widget elementor-widget-heading\" data-id=\"34d59e1\" data-element_type=\"widget\" data-widget_type=\"heading.default\">\n\t\t\t\t<div class=\"elementor-widget-container\">\n\t\t\t\t\t<h2 class=\"elementor-heading-title elementor-size-default\">Sz\u00e1ll\u00edt\u00f3k<\/h2>\t\t\t\t<\/div>\n\t\t\t\t<\/div>\n\t\t\t\t\t<\/div>\n\t\t\t\t<\/div>\n\t\t<div class=\"elementor-element elementor-element-e1cc033 e-flex e-con-boxed e-con e-parent\" data-id=\"e1cc033\" data-element_type=\"container\">\n\t\t\t\t\t<div class=\"e-con-inner\">\n\t\t\t\t<div class=\"elementor-element elementor-element-dd0151b elementor-widget elementor-widget-text-editor\" data-id=\"dd0151b\" data-element_type=\"widget\" data-widget_type=\"text-editor.default\">\n\t\t\t\t<div class=\"elementor-widget-container\">\n\t\t\t\t\t\t\t\t\t<p>Besz\u00e1ll\u00edt\u00f3k alatt a t\u00far\u00e1kat \u00e9rtj\u00fck, amelyekkel egy\u00fctt fogunk dolgozni, valamint a weboldalunkon hirdetett b\u00e1rmilyen t\u00edpus\u00fa l\u00e9tes\u00edtm\u00e9nyt. A kapcsolatfelv\u00e9telhez t\u00f6ltse ki az \u0171rlapot. P\u00e9ld\u00e1ul egy \u00e9tterem, amelyik szeretne hirdetni a weboldalunkon.  <\/p>\t\t\t\t\t\t\t\t<\/div>\n\t\t\t\t<\/div>\n\t\t\t\t<div class=\"elementor-element elementor-element-09d6e86 elementor-widget elementor-widget-heading\" data-id=\"09d6e86\" data-element_type=\"widget\" data-widget_type=\"heading.default\">\n\t\t\t\t<div class=\"elementor-widget-container\">\n\t\t\t\t\t<h2 class=\"elementor-heading-title elementor-size-default\">Partnerek<\/h2>\t\t\t\t<\/div>\n\t\t\t\t<\/div>\n\t\t\t\t<div class=\"elementor-element elementor-element-8ff366b elementor-widget elementor-widget-text-editor\" data-id=\"8ff366b\" data-element_type=\"widget\" data-widget_type=\"text-editor.default\">\n\t\t\t\t<div class=\"elementor-widget-container\">\n\t\t\t\t\t\t\t\t\t<p>\u0150k olyan nyaral\u00f3h\u00e1zak tulajdonosai vagy vezet\u0151i, akik a ConnectedFun-nal szeretn\u00e9nek egy\u00fcttm\u0171k\u00f6dni az\u00e1ltal, hogy eszk\u00f6zeinket bevezetik ingatlanjaikban. Ez szint\u00e9n egy kapcsolatfelv\u00e9teli \u0171rlapon kereszt\u00fcl t\u00f6rt\u00e9nne. <\/p>\t\t\t\t\t\t\t\t<\/div>\n\t\t\t\t<\/div>\n\t\t\t\t\t<\/div>\n\t\t\t\t<\/div>\n\t\t\t\t<\/div>\n\t\t","protected":false},"excerpt":{"rendered":"<p>\u00dcdv\u00f6z\u00f6lj\u00fck a ConnectedFun-on , ahol a nyaral\u00e1si \u00e9lm\u00e9nyt valami rendk\u00edv\u00fcliv\u00e9 alak\u00edtjuk! Az eg\u00e9sz egy portug\u00e1liai faluban t\u00f6lt\u00f6tt csal\u00e1di nyaral\u00e1s sor\u00e1n [&hellip;]<\/p>\n","protected":false},"author":3,"featured_media":0,"parent":0,"menu_order":0,"comment_status":"closed","ping_status":"closed","template":"","meta":{"site-sidebar-layout":"no-sidebar","site-content-layout":"","ast-site-content-layout":"full-width-container","site-content-style":"default","site-sidebar-style":"default","ast-global-header-display":"","ast-banner-title-visibility":"","ast-main-header-display":"","ast-hfb-above-header-display":"","ast-hfb-below-header-display":"","ast-hfb-mobile-header-display":"","site-post-title":"disabled","ast-breadcrumbs-content":"","ast-featured-img":"disabled","footer-sml-layout":"","theme-transparent-header-meta":"","adv-header-id-meta":"","stick-header-meta":"","header-above-stick-meta":"","header-main-stick-meta":"","header-below-stick-meta":"","astra-migrate-meta-layouts":"default","ast-page-background-enabled":"default","ast-page-background-meta":{"desktop":{"background-color":"var(--ast-global-color-4)","background-image":"","background-repeat":"repeat","background-position":"center center","background-size":"auto","background-attachment":"scroll","background-type":"","background-media":"","overlay-type":"","overlay-color":"","overlay-opacity":"","overlay-gradient":""},"tablet":{"background-color":"","background-image":"","background-repeat":"repeat","background-position":"center center","background-size":"auto","background-attachment":"scroll","background-type":"","background-media":"","overlay-type":"","overlay-color":"","overlay-opacity":"","overlay-gradient":""},"mobile":{"background-color":"","background-image":"","background-repeat":"repeat","background-position":"center center","background-size":"auto","background-attachment":"scroll","background-type":"","background-media":"","overlay-type":"","overlay-color":"","overlay-opacity":"","overlay-gradient":""}},"ast-content-background-meta":{"desktop":{"background-color":"var(--ast-global-color-5)","background-image":"","background-repeat":"repeat","background-position":"center center","background-size":"auto","background-attachment":"scroll","background-type":"","background-media":"","overlay-type":"","overlay-color":"","overlay-opacity":"","overlay-gradient":""},"tablet":{"background-color":"var(--ast-global-color-5)","background-image":"","background-repeat":"repeat","background-position":"center center","background-size":"auto","background-attachment":"scroll","background-type":"","background-media":"","overlay-type":"","overlay-color":"","overlay-opacity":"","overlay-gradient":""},"mobile":{"background-color":"var(--ast-global-color-5)","background-image":"","background-repeat":"repeat","background-position":"center center","background-size":"auto","background-attachment":"scroll","background-type":"","background-media":"","overlay-type":"","overlay-color":"","overlay-opacity":"","overlay-gradient":""}},"_joinchat":[],"footnotes":""},"class_list":["post-29116","page","type-page","status-publish","hentry"],"_links":{"self":[{"href":"https:\/\/connectedfun.es\/hu\/wp-json\/wp\/v2\/pages\/29116","targetHints":{"allow":["GET"]}}],"collection":[{"href":"https:\/\/connectedfun.es\/hu\/wp-json\/wp\/v2\/pages"}],"about":[{"href":"https:\/\/connectedfun.es\/hu\/wp-json\/wp\/v2\/types\/page"}],"author":[{"embeddable":true,"href":"https:\/\/connectedfun.es\/hu\/wp-json\/wp\/v2\/users\/3"}],"replies":[{"embeddable":true,"href":"https:\/\/connectedfun.es\/hu\/wp-json\/wp\/v2\/comments?post=29116"}],"version-history":[{"count":1,"href":"https:\/\/connectedfun.es\/hu\/wp-json\/wp\/v2\/pages\/29116\/revisions"}],"predecessor-version":[{"id":29117,"href":"https:\/\/connectedfun.es\/hu\/wp-json\/wp\/v2\/pages\/29116\/revisions\/29117"}],"wp:attachment":[{"href":"https:\/\/connectedfun.es\/hu\/wp-json\/wp\/v2\/media?parent=29116"}],"curies":[{"name":"wp","href":"https:\/\/api.w.org\/{rel}","templated":true}]}}