{"id":26141,"date":"2024-11-17T15:55:51","date_gmt":"2024-11-17T15:55:51","guid":{"rendered":"https:\/\/wordpress-1203075-5579416.cloudwaysapps.com\/a-propos-de-nous\/"},"modified":"2025-01-31T14:59:57","modified_gmt":"2025-01-31T14:59:57","slug":"a-propos-de-nous","status":"publish","type":"page","link":"https:\/\/connectedfun.es\/fr\/a-propos-de-nous\/","title":{"rendered":"A propos de nous"},"content":{"rendered":"\t\t<div data-elementor-type=\"wp-page\" data-elementor-id=\"26141\" class=\"elementor elementor-26141 elementor-17024\" data-elementor-post-type=\"page\">\n\t\t\t\t<div class=\"elementor-element elementor-element-23b2263 e-flex e-con-boxed e-con e-parent\" data-id=\"23b2263\" data-element_type=\"container\">\n\t\t\t\t\t<div class=\"e-con-inner\">\n\t\t\t\t<div class=\"elementor-element elementor-element-28f3135 elementor-widget elementor-widget-text-editor\" data-id=\"28f3135\" data-element_type=\"widget\" data-widget_type=\"text-editor.default\">\n\t\t\t\t<div class=\"elementor-widget-container\">\n\t\t\t\t\t\t\t\t\t<p>Bienvenue \u00e0 <strong>ConnectedFun <\/strong>o\u00f9 nous transformons l&rsquo;exp\u00e9rience de la location de vacances en quelque chose d&rsquo;extraordinaire !<\/p>\n<p>Tout a commenc\u00e9 lors de vacances en famille dans un village du Portugal, o\u00f9 nous avons r\u00e9alis\u00e9 le manque d&rsquo;informations et de ressources pour profiter pleinement de notre s\u00e9jour dans un appartement de vacances. ConnectedFun est n\u00e9 de ce besoin. <\/p>\n\t\t\t\t\t\t\t\t<\/div>\n\t\t\t\t<\/div>\n\t\t\t\t<div class=\"elementor-element elementor-element-584ff11 elementor-widget elementor-widget-heading\" data-id=\"584ff11\" data-element_type=\"widget\" data-widget_type=\"heading.default\">\n\t\t\t\t<div class=\"elementor-widget-container\">\n\t\t\t\t\t<h2 class=\"elementor-heading-title elementor-size-default\">Que faisons-nous ?<\/h2>\t\t\t\t<\/div>\n\t\t\t\t<\/div>\n\t\t\t\t<div class=\"elementor-element elementor-element-a58392e elementor-widget elementor-widget-text-editor\" data-id=\"a58392e\" data-element_type=\"widget\" data-widget_type=\"text-editor.default\">\n\t\t\t\t<div class=\"elementor-widget-container\">\n\t\t\t\t\t\t\t\t\t<p>Nous am\u00e9liorons l&rsquo;exp\u00e9rience des clients dans les locations de vacances. Nous sommes passionn\u00e9s par la fourniture d&rsquo;informations d\u00e9taill\u00e9es et de possibilit\u00e9s de r\u00e9servation pour les services locaux tels que la location de voitures, les visites, les restaurants et autres services essentiels. <\/p>\n\t\t\t\t\t\t\t\t<\/div>\n\t\t\t\t<\/div>\n\t\t\t\t<div class=\"elementor-element elementor-element-6d0b2e9 elementor-widget elementor-widget-heading\" data-id=\"6d0b2e9\" data-element_type=\"widget\" data-widget_type=\"heading.default\">\n\t\t\t\t<div class=\"elementor-widget-container\">\n\t\t\t\t\t<h2 class=\"elementor-heading-title elementor-size-default\">Comment faire ?<\/h2>\t\t\t\t<\/div>\n\t\t\t\t<\/div>\n\t\t\t\t<div class=\"elementor-element elementor-element-7410eeb elementor-widget elementor-widget-text-editor\" data-id=\"7410eeb\" data-element_type=\"widget\" data-widget_type=\"text-editor.default\">\n\t\t\t\t<div class=\"elementor-widget-container\">\n\t\t\t\t\t\t\t\t\t<p>Nous avons port\u00e9 la commodit\u00e9 \u00e0 un niveau sup\u00e9rieur en int\u00e9grant la technologie NFC (Near Field Communication) dans les \u00e9tablissements de nos partenaires. En connectant nos services aux appareils NFC, les clients ont un acc\u00e8s instantan\u00e9 \u00e0 notre plateforme depuis le confort de leur logement, ce qui simplifie la planification de leur exp\u00e9rience. <\/p>\n\t\t\t\t\t\t\t\t<\/div>\n\t\t\t\t<\/div>\n\t\t\t\t<div class=\"elementor-element elementor-element-3f4fbdb elementor-widget elementor-widget-heading\" data-id=\"3f4fbdb\" data-element_type=\"widget\" data-widget_type=\"heading.default\">\n\t\t\t\t<div class=\"elementor-widget-container\">\n\t\t\t\t\t<h2 class=\"elementor-heading-title elementor-size-default\">Avantages pour les h\u00f4tes<\/h2>\t\t\t\t<\/div>\n\t\t\t\t<\/div>\n\t\t\t\t\t<\/div>\n\t\t\t\t<\/div>\n\t\t<div class=\"elementor-element elementor-element-e42c17d e-flex e-con-boxed e-con e-parent\" data-id=\"e42c17d\" data-element_type=\"container\">\n\t\t\t\t\t<div class=\"e-con-inner\">\n\t\t\t\t<div class=\"elementor-element elementor-element-55020fe elementor-widget elementor-widget-text-editor\" data-id=\"55020fe\" data-element_type=\"widget\" data-widget_type=\"text-editor.default\">\n\t\t\t\t<div class=\"elementor-widget-container\">\n\t\t\t\t\t\t\t\t\t<p>&#8211; Des informations d\u00e9taill\u00e9es et des recommandations locales \u00e0 port\u00e9e de main.<br \/>&#8211; R\u00e9servation rapide et facile avec des tarifs garantis et des prix officiels.<br \/>&#8211; Une exp\u00e9rience d&rsquo;h\u00e9bergement personnalis\u00e9e.<\/p>\n\t\t\t\t\t\t\t\t<\/div>\n\t\t\t\t<\/div>\n\t\t\t\t<div class=\"elementor-element elementor-element-2b59899 elementor-widget elementor-widget-heading\" data-id=\"2b59899\" data-element_type=\"widget\" data-widget_type=\"heading.default\">\n\t\t\t\t<div class=\"elementor-widget-container\">\n\t\t\t\t\t<h2 class=\"elementor-heading-title elementor-size-default\">Avantages pour les propri\u00e9taires  <\/h2>\t\t\t\t<\/div>\n\t\t\t\t<\/div>\n\t\t\t\t<div class=\"elementor-element elementor-element-e80d212 elementor-widget elementor-widget-text-editor\" data-id=\"e80d212\" data-element_type=\"widget\" data-widget_type=\"text-editor.default\">\n\t\t\t\t<div class=\"elementor-widget-container\">\n\t\t\t\t\t\t\t\t\t<p>&#8211; G\u00e9n\u00e9ration de revenus suppl\u00e9mentaires par le biais de commissions pour les services r\u00e9serv\u00e9s par l&rsquo;interm\u00e9diaire de la plateforme.<br \/>&#8211; Am\u00e9lioration de la satisfaction des clients et des commentaires positifs.<br \/>&#8211; Participation \u00e0 la transformation du secteur de l&rsquo;h\u00f4tellerie et de la restauration.<\/p>\n\t\t\t\t\t\t\t\t<\/div>\n\t\t\t\t<\/div>\n\t\t\t\t<div class=\"elementor-element elementor-element-34d59e1 elementor-widget elementor-widget-heading\" data-id=\"34d59e1\" data-element_type=\"widget\" data-widget_type=\"heading.default\">\n\t\t\t\t<div class=\"elementor-widget-container\">\n\t\t\t\t\t<h2 class=\"elementor-heading-title elementor-size-default\">Fournisseurs<\/h2>\t\t\t\t<\/div>\n\t\t\t\t<\/div>\n\t\t\t\t\t<\/div>\n\t\t\t\t<\/div>\n\t\t<div class=\"elementor-element elementor-element-e1cc033 e-flex e-con-boxed e-con e-parent\" data-id=\"e1cc033\" data-element_type=\"container\">\n\t\t\t\t\t<div class=\"e-con-inner\">\n\t\t\t\t<div class=\"elementor-element elementor-element-dd0151b elementor-widget elementor-widget-text-editor\" data-id=\"dd0151b\" data-element_type=\"widget\" data-widget_type=\"text-editor.default\">\n\t\t\t\t<div class=\"elementor-widget-container\">\n\t\t\t\t\t\t\t\t\t<p>Par fournisseurs, nous entendons les tours avec lesquels nous allons travailler et tout type d&rsquo;\u00e9tablissement annonc\u00e9 sur notre site web. Vous pouvez remplir le formulaire pour nous contacter. Par exemple, un restaurant qui souhaite faire de la publicit\u00e9 sur notre site web.  <\/p>\n\t\t\t\t\t\t\t\t<\/div>\n\t\t\t\t<\/div>\n\t\t\t\t<div class=\"elementor-element elementor-element-09d6e86 elementor-widget elementor-widget-heading\" data-id=\"09d6e86\" data-element_type=\"widget\" data-widget_type=\"heading.default\">\n\t\t\t\t<div class=\"elementor-widget-container\">\n\t\t\t\t\t<h2 class=\"elementor-heading-title elementor-size-default\">Affili\u00e9s<\/h2>\t\t\t\t<\/div>\n\t\t\t\t<\/div>\n\t\t\t\t<div class=\"elementor-element elementor-element-8ff366b elementor-widget elementor-widget-text-editor\" data-id=\"8ff366b\" data-element_type=\"widget\" data-widget_type=\"text-editor.default\">\n\t\t\t\t<div class=\"elementor-widget-container\">\n\t\t\t\t\t\t\t\t\t<p>Il s&rsquo;agit de propri\u00e9taires ou de gestionnaires de locations de vacances qui souhaitent collaborer avec ConnectedFun en introduisant nos appareils dans leurs propri\u00e9t\u00e9s. Vous pouvez \u00e9galement utiliser un formulaire de contact. <\/p>\n\t\t\t\t\t\t\t\t<\/div>\n\t\t\t\t<\/div>\n\t\t\t\t\t<\/div>\n\t\t\t\t<\/div>\n\t\t\t\t<\/div>\n\t\t","protected":false},"excerpt":{"rendered":"<p>Bienvenue \u00e0 ConnectedFun o\u00f9 nous transformons l&rsquo;exp\u00e9rience de la location de vacances en quelque chose d&rsquo;extraordinaire ! Tout a commenc\u00e9 [&hellip;]<\/p>\n","protected":false},"author":3,"featured_media":0,"parent":0,"menu_order":0,"comment_status":"closed","ping_status":"closed","template":"","meta":{"site-sidebar-layout":"no-sidebar","site-content-layout":"","ast-site-content-layout":"full-width-container","site-content-style":"default","site-sidebar-style":"default","ast-global-header-display":"","ast-banner-title-visibility":"","ast-main-header-display":"","ast-hfb-above-header-display":"","ast-hfb-below-header-display":"","ast-hfb-mobile-header-display":"","site-post-title":"disabled","ast-breadcrumbs-content":"","ast-featured-img":"disabled","footer-sml-layout":"","theme-transparent-header-meta":"","adv-header-id-meta":"","stick-header-meta":"","header-above-stick-meta":"","header-main-stick-meta":"","header-below-stick-meta":"","astra-migrate-meta-layouts":"default","ast-page-background-enabled":"default","ast-page-background-meta":{"desktop":{"background-color":"var(--ast-global-color-4)","background-image":"","background-repeat":"repeat","background-position":"center center","background-size":"auto","background-attachment":"scroll","background-type":"","background-media":"","overlay-type":"","overlay-color":"","overlay-opacity":"","overlay-gradient":""},"tablet":{"background-color":"","background-image":"","background-repeat":"repeat","background-position":"center center","background-size":"auto","background-attachment":"scroll","background-type":"","background-media":"","overlay-type":"","overlay-color":"","overlay-opacity":"","overlay-gradient":""},"mobile":{"background-color":"","background-image":"","background-repeat":"repeat","background-position":"center center","background-size":"auto","background-attachment":"scroll","background-type":"","background-media":"","overlay-type":"","overlay-color":"","overlay-opacity":"","overlay-gradient":""}},"ast-content-background-meta":{"desktop":{"background-color":"var(--ast-global-color-5)","background-image":"","background-repeat":"repeat","background-position":"center center","background-size":"auto","background-attachment":"scroll","background-type":"","background-media":"","overlay-type":"","overlay-color":"","overlay-opacity":"","overlay-gradient":""},"tablet":{"background-color":"var(--ast-global-color-5)","background-image":"","background-repeat":"repeat","background-position":"center center","background-size":"auto","background-attachment":"scroll","background-type":"","background-media":"","overlay-type":"","overlay-color":"","overlay-opacity":"","overlay-gradient":""},"mobile":{"background-color":"var(--ast-global-color-5)","background-image":"","background-repeat":"repeat","background-position":"center center","background-size":"auto","background-attachment":"scroll","background-type":"","background-media":"","overlay-type":"","overlay-color":"","overlay-opacity":"","overlay-gradient":""}},"_joinchat":[],"footnotes":""},"class_list":["post-26141","page","type-page","status-publish","hentry"],"_links":{"self":[{"href":"https:\/\/connectedfun.es\/fr\/wp-json\/wp\/v2\/pages\/26141","targetHints":{"allow":["GET"]}}],"collection":[{"href":"https:\/\/connectedfun.es\/fr\/wp-json\/wp\/v2\/pages"}],"about":[{"href":"https:\/\/connectedfun.es\/fr\/wp-json\/wp\/v2\/types\/page"}],"author":[{"embeddable":true,"href":"https:\/\/connectedfun.es\/fr\/wp-json\/wp\/v2\/users\/3"}],"replies":[{"embeddable":true,"href":"https:\/\/connectedfun.es\/fr\/wp-json\/wp\/v2\/comments?post=26141"}],"version-history":[{"count":1,"href":"https:\/\/connectedfun.es\/fr\/wp-json\/wp\/v2\/pages\/26141\/revisions"}],"predecessor-version":[{"id":26142,"href":"https:\/\/connectedfun.es\/fr\/wp-json\/wp\/v2\/pages\/26141\/revisions\/26142"}],"wp:attachment":[{"href":"https:\/\/connectedfun.es\/fr\/wp-json\/wp\/v2\/media?parent=26141"}],"curies":[{"name":"wp","href":"https:\/\/api.w.org\/{rel}","templated":true}]}}