{"id":26119,"date":"2024-12-09T11:37:40","date_gmt":"2024-12-09T11:37:40","guid":{"rendered":"https:\/\/wordpress-1203075-5579416.cloudwaysapps.com\/avis-juridique\/"},"modified":"2025-01-31T14:58:01","modified_gmt":"2025-01-31T14:58:01","slug":"avis-juridique","status":"publish","type":"page","link":"https:\/\/connectedfun.es\/fr\/avis-juridique\/","title":{"rendered":"Avis juridique"},"content":{"rendered":"\t\t<div data-elementor-type=\"wp-page\" data-elementor-id=\"26119\" class=\"elementor elementor-26119 elementor-25050\" data-elementor-post-type=\"page\">\n\t\t\t\t<div class=\"elementor-element elementor-element-665abaf e-flex e-con-boxed e-con e-parent\" data-id=\"665abaf\" data-element_type=\"container\">\n\t\t\t\t\t<div class=\"e-con-inner\">\n\t\t\t\t<div class=\"elementor-element elementor-element-cd7711f elementor-widget elementor-widget-text-editor\" data-id=\"cd7711f\" data-element_type=\"widget\" data-widget_type=\"text-editor.default\">\n\t\t\t\t<div class=\"elementor-widget-container\">\n\t\t\t\t\t\t\t\t\t<p><b>AVIS JURIDIQUE<\/b><\/p>\n<p><b><\/b><\/p>\n<ul>\n<li aria-level=\"1\">\n<h4><b>Objectif et acceptation<\/b><\/h4>\n<\/li>\n<\/ul>\n<p><span style=\"font-weight: 400;\">Cet avis juridique r\u00e9git l&rsquo;utilisation du site web : www.wordpress-1203075-5579416.cloudwaysapps.com<\/span><\/p>\n<p><span style=\"font-weight: 400;\">Le site web www.wordpress-1203075-5579416.cloudwaysapps.com fournit des services dont l&rsquo;objectif principal est de permettre le contact entre les utilisateurs et l&rsquo;entit\u00e9, que ce soit pour nous contacter, r\u00e9pondre \u00e0 votre demande, g\u00e9rer votre plainte, exercer vos droits en mati\u00e8re de protection des donn\u00e9es ou demander des devis.<\/span><\/p>\n<p><span style=\"font-weight: 400;\">La navigation sur le site www.wordpress-1203075-5579416.cloudwaysapps.com conf\u00e8re la condition d&rsquo;utilisateur de celui-ci et implique l&rsquo;acceptation totale et sans r\u00e9serve de toutes et chacune des dispositions incluses dans les pr\u00e9sentes mentions l\u00e9gales, qui peuvent faire l&rsquo;objet de modifications.<\/span><\/p>\n<p><span style=\"font-weight: 400;\">L&rsquo;utilisateur s&rsquo;engage \u00e0 faire un usage correct du site web conform\u00e9ment aux lois, \u00e0 la bonne foi, \u00e0 l&rsquo;ordre public, aux usages de la circulation et au pr\u00e9sent avis juridique. L&rsquo;utilisateur sera responsable envers CONNECTEDFUN HOLIDAYS, S.L. et envers des tiers de tout dommage pouvant \u00eatre caus\u00e9 par le non-respect de cette obligation. <\/span><\/p>\n<ul>\n<li aria-level=\"1\">\n<h4><b>Propri\u00e9t\u00e9 du site web et identification du prestataire de services de la soci\u00e9t\u00e9 de l&rsquo;information<\/b><\/h4>\n<\/li>\n<\/ul>\n<p><span style=\"font-weight: 400;\">&nbsp;Afin de respecter le principe d&rsquo;information g\u00e9n\u00e9rale requis par l&rsquo;article 10 de la Loi 34\/2002, du 11 juillet, sur les services de la soci\u00e9t\u00e9 de l&rsquo;information et le commerce \u00e9lectronique, nous informons nos utilisateurs que ce site web appartient \u00e0 CONNECTEDFUN HOLIDAYS, S.L. avec le num\u00e9ro d&rsquo;identification fiscale B56932932, inscrit au registre du commerce de  \u00e0 la page , Folio  du volume  de la section , et que ce site web est la propri\u00e9t\u00e9 de CONNECTEDFUN HOLIDAYS.<\/span><span style=\"font-weight: 400;\">Registre du commerce de _______ \u00e0 la page ___________, Folio _____ du volume ________ de la section _____.<\/span><\/p>\n<table>\n<tbody>\n<tr>\n<td colspan=\"3\">\n<p><span style=\"font-weight: 400;\">Adresse :<\/span><\/p>\n<\/td>\n<td><br><\/td>\n<td colspan=\"3\">\n<p><span style=\"font-weight: 400;\">Calle Panizo 1, Pareado 2, 38652 &#8211; Arona (Santa Cruz de Tenerife)<\/span><\/p>\n<\/td>\n<\/tr>\n<tr>\n<td>&nbsp;<\/td>\n<td>&nbsp;<\/td>\n<td>&nbsp;<\/td>\n<td>&nbsp;<\/td>\n<td>&nbsp;<\/td>\n<td>&nbsp;<\/td>\n<td>&nbsp;<\/td>\n<\/tr>\n<tr>\n<td colspan=\"3\">\n<p><span style=\"font-weight: 400;\">E-mail :<\/span><\/p>\n<\/td>\n<td>&nbsp;<\/td>\n<td colspan=\"3\">\n<p><span style=\"font-weight: 400;\">administracion@wordpress-1203075-5579416.cloudwaysapps.com<\/span><\/p>\n<\/td>\n<\/tr>\n<tr>\n<td>&nbsp;<\/td>\n<td>&nbsp;<\/td>\n<td>&nbsp;<\/td>\n<td>&nbsp;<\/td>\n<td>&nbsp;<\/td>\n<td>&nbsp;<\/td>\n<td>&nbsp;<\/td>\n<\/tr>\n<tr>\n<td colspan=\"3\">\n<p><span style=\"font-weight: 400;\">T\u00e9l\u00e9phone :<\/span><\/p>\n<\/td>\n<td>&nbsp;<\/td>\n<td colspan=\"3\">\n<p><span style=\"font-weight: 400;\">658 500 333<\/span><\/p>\n<\/td>\n<\/tr>\n<tr>\n<td>&nbsp;<\/td>\n<td>&nbsp;<\/td>\n<td>&nbsp;<\/td>\n<td>&nbsp;<\/td>\n<td>&nbsp;<\/td>\n<td>&nbsp;<\/td>\n<td>&nbsp;<\/td>\n<\/tr>\n<tr>\n<td colspan=\"3\">\n<p><span style=\"font-weight: 400;\">H\u00e9berg\u00e9 par :&nbsp;<\/span><\/p>\n<\/td>\n<td>&nbsp;<\/td>\n<td colspan=\"3\">\n<p><span style=\"font-weight: 400;\">Hostinger<\/span><\/p>\n<\/td>\n<\/tr>\n<\/tbody>\n<\/table>\n<p><b><\/b><\/p>\n<ul>\n<li aria-level=\"1\">\n<h4><b>Conditions g\u00e9n\u00e9rales d&rsquo;acc\u00e8s et d&rsquo;utilisation<\/b><\/h4>\n<\/li>\n<\/ul>\n<p><span style=\"font-weight: 400;\">Le site web et ses services sont d&rsquo;acc\u00e8s libre et gratuit, bien que l&rsquo;utilisation de certaines zones ou de certains services soit subordonn\u00e9e au remplissage de formulaires de collecte de donn\u00e9es. Seules les personnes \u00e2g\u00e9es de plus de 18 ans peuvent fournir des donn\u00e9es par l&rsquo;interm\u00e9diaire de notre site web, et les enfants de moins de 14 ans ne peuvent pas fournir de donn\u00e9es sans le consentement de leurs parents ou tuteurs. <\/span><\/p>\n<p><span style=\"font-weight: 400;\">&nbsp;&nbsp;L&rsquo;Utilisateur garantit l&rsquo;authenticit\u00e9 et l&rsquo;actualit\u00e9 de toutes les donn\u00e9es fournies \u00e0 CONNECTEDFUN HOLIDAYS, S.L. et sera seul responsable de toute d\u00e9claration fausse ou inexacte.<\/span><\/p>\n<p><span style=\"font-weight: 400;\">&nbsp;www.wordpress-1203075-5579416.cloudwaysapps.com a les types d&rsquo;utilisateurs suivants :<\/span><\/p>\n<ul>\n<li style=\"font-weight: 400;\" aria-level=\"1\"><span style=\"font-weight: 400;\">&nbsp;Utilisateurs qui fournissent des donn\u00e9es dans l&rsquo;un des formulaires disponibles : Les donn\u00e9es personnelles que CONNECTEDFUN HOLIDAYS, S.L. demande comprennent le nom et l&rsquo;adresse \u00e9lectronique ainsi que les donn\u00e9es fournies par l&rsquo;utilisateur lorsqu&rsquo;il remplit les formulaires.<\/span><\/li>\n<li style=\"font-weight: 400;\" aria-level=\"1\"><span style=\"font-weight: 400;\">&nbsp;Utilisateurs qui n&rsquo;ont pas contact\u00e9 CONNECTEDFUN HOLIDAYS, S.L. mais dont les donn\u00e9es sont collect\u00e9es : donn\u00e9es fournies par les cookies.<\/span><\/li>\n<li style=\"font-weight: 400;\" aria-level=\"1\"><span style=\"font-weight: 400;\">Utilisateurs qui effectuent des achats dans notre boutique en ligne : les donn\u00e9es fournies par l&rsquo;utilisateur dans le cadre du processus d&rsquo;achat et les donn\u00e9es relatives \u00e0 l&rsquo;achat effectu\u00e9 sont collect\u00e9es.<\/span><\/li>\n<\/ul>\n<p><b>3.1<\/b> <b>R\u00e8gles et interdictions d&rsquo;utilisation pour les utilisateurs de nos services<\/b><\/p>\n<p><span style=\"font-weight: 400;\">L&rsquo;utilisateur s&rsquo;engage express\u00e9ment \u00e0 faire un usage appropri\u00e9 des contenus et services propos\u00e9s et \u00e0 ne pas les utiliser pour :<\/span><\/p>\n<ul>\n<li style=\"font-weight: 400;\" aria-level=\"1\"><span style=\"font-weight: 400;\">Diffuser des contenus criminels, violents, pornographiques, racistes, x\u00e9nophobes, injurieux, terroristes ou, en g\u00e9n\u00e9ral, contraires \u00e0 la loi ou \u00e0 l&rsquo;ordre public.<\/span><\/li>\n<li style=\"font-weight: 400;\" aria-level=\"1\"><span style=\"font-weight: 400;\">&nbsp;&nbsp;Introduire des virus informatiques dans le r\u00e9seau ou r\u00e9aliser des actions susceptibles d&rsquo;alt\u00e9rer, de d\u00e9t\u00e9riorer, d&rsquo;interrompre ou de g\u00e9n\u00e9rer des erreurs ou des dommages aux documents \u00e9lectroniques, aux donn\u00e9es ou aux syst\u00e8mes physiques et logiques de CONNECTEDFUN HOLIDAYS, S.L. ou de tiers ; ainsi que d&rsquo;entraver l&rsquo;acc\u00e8s d&rsquo;autres utilisateurs au site Web et \u00e0 ses services.<\/span><\/li>\n<li style=\"font-weight: 400;\" aria-level=\"1\"><span style=\"font-weight: 400;\">&nbsp;&nbsp;Tenter d&rsquo;acc\u00e9der \u00e0 des zones restreintes des syst\u00e8mes informatiques de CONNECTEDFUN HOLIDAYS, S.L. ou de tiers et, le cas \u00e9ch\u00e9ant, extraire des informations.<\/span><\/li>\n<li style=\"font-weight: 400;\" aria-level=\"1\"><span style=\"font-weight: 400;\">&nbsp;&nbsp;Enfreindre les droits de propri\u00e9t\u00e9 intellectuelle ou industrielle, ainsi que violer la confidentialit\u00e9 de l&rsquo;information de CONNECTEDFUN HOLIDAYS, S.L. ou de tiers.<\/span><\/li>\n<li style=\"font-weight: 400;\" aria-level=\"1\"><span style=\"font-weight: 400;\">usurper l&rsquo;identit\u00e9 d&rsquo;un autre utilisateur, des autorit\u00e9s publiques ou d&rsquo;un tiers.<\/span><\/li>\n<li style=\"font-weight: 400;\" aria-level=\"1\"><span style=\"font-weight: 400;\">Reproduire, copier, distribuer, mettre \u00e0 disposition ou, de toute autre mani\u00e8re, communiquer publiquement, transformer ou modifier le contenu, \u00e0 moins d&rsquo;y \u00eatre autoris\u00e9 par le titulaire des droits correspondants ou d&rsquo;y \u00eatre l\u00e9galement autoris\u00e9.<\/span><\/li>\n<li style=\"font-weight: 400;\" aria-level=\"1\"><span style=\"font-weight: 400;\">collecter des donn\u00e9es \u00e0 des fins publicitaires et envoyer de la publicit\u00e9 de toute nature et des communications \u00e0 des fins de vente ou \u00e0 d&rsquo;autres fins commerciales sans demande ou consentement pr\u00e9alable.<\/span><\/li>\n<\/ul>\n<p><b>3.2. Procedimiento en caso de realizaci\u00f3n de actividades de car\u00e1cter il\u00edcito <\/b><\/p>\n<p><span style=\"font-weight: 400;\">&nbsp;&nbsp;Dans le cas o\u00f9 tout utilisateur ou tiers consid\u00e8re qu&rsquo;il existe des faits ou des circonstances qui r\u00e9v\u00e8lent le caract\u00e8re illicite de l&rsquo;utilisation de tout contenu et\/ou de la r\u00e9alisation de toute activit\u00e9 sur les pages web incluses ou accessibles \u00e0 travers le site web, il devra envoyer une notification \u00e0 CONNECTEDFUN HOLIDAYS, S.L. en s&rsquo;identifiant d\u00fbment, en sp\u00e9cifiant les infractions all\u00e9gu\u00e9es et en d\u00e9clarant express\u00e9ment sous sa responsabilit\u00e9 que l&rsquo;information fournie dans la notification est exacte.<\/span><\/p>\n<ol start=\"4\">\n<li><b>  Politique de confidentialit\u00e9<\/b><\/li>\n<\/ol>\n<p><span style=\"font-weight: 400;\">&nbsp;L&rsquo;utilisateur peut consulter la mani\u00e8re dont CONNECTEDFUN HOLIDAYS, S.L. utilise ses donn\u00e9es et les mesures de s\u00e9curit\u00e9 mises en \u0153uvre sur le lien suivant : \u00ab\u00a0Politique de confidentialit\u00e9\u00a0\u00bb.<\/span><\/p>\n<ol start=\"5\">\n<li><b>  Politique en mati\u00e8re de cookies<\/b><\/li>\n<\/ol>\n<p><span style=\"font-weight: 400;\">CONNECTEDFUN HOLIDAYS, S.L. installe des cookies sur l&rsquo;ordinateur de l&rsquo;utilisateur.&nbsp; Pour en savoir plus sur les cookies de notre site web, cliquez sur le lien suivant : \u00ab\u00a0politique de cookies\u00a0\u00bb. <\/span><\/p>\n<ol start=\"6\">\n<li><b>  Notifications<\/b><\/li>\n<\/ol>\n<p><span style=\"font-weight: 400;\">&nbsp;&nbsp;Toutes les notifications et communications entre les utilisateurs et CONNECTEDFUN HOLIDAYS, S.L. seront consid\u00e9r\u00e9es comme effectives, \u00e0 toutes fins utiles, lorsqu&rsquo;elles seront effectu\u00e9es par courrier postal ou \u00e9lectronique ou par communication t\u00e9l\u00e9phonique.&nbsp;&nbsp;Les utilisateurs devront contacter CONNECTEDFUN HOLIDAYS, S.L. par : <\/span><\/p>\n<ul>\n<li style=\"font-weight: 400;\" aria-level=\"1\"><span style=\"font-weight: 400;\">&nbsp;&nbsp;Envoi par courrier \u00e0 l&rsquo;adresse suivante : CONNECTEDFUN HOLIDAYS, S.L. &#8211; Calle Panizo 1, Pareado 2, 38652 &#8211; Arona (Santa Cruz de Tenerife).<\/span><\/li>\n<li style=\"font-weight: 400;\" aria-level=\"1\"><span style=\"font-weight: 400;\">Envoyez un courriel \u00e0 l&rsquo;adresse suivante : administracion@wordpress-1203075-5579416.cloudwaysapps.com<\/span><\/li>\n<\/ul>\n<ol start=\"7\">\n<li><b>  Propri\u00e9t\u00e9 industrielle et intellectuelle<\/b><\/li>\n<\/ol>\n<p><span style=\"font-weight: 400;\">&nbsp;Tous les contenus du site Web, tels que les textes, les photographies, les graphiques, les images, les ic\u00f4nes, la technologie, le logiciel, ainsi que sa conception graphique et ses codes sources, constituent une \u0153uvre dont la propri\u00e9t\u00e9 appartient \u00e0 CONNECTEDFUN HOLIDAYS, S.L., et aucun des droits d&rsquo;exploitation sur ceux-ci ne peut \u00eatre compris comme \u00e9tant transf\u00e9r\u00e9 \u00e0 l&rsquo;Utilisateur au-del\u00e0 de ce qui est strictement n\u00e9cessaire pour l&rsquo;utilisation correcte du site Web.<\/span><\/p>\n<p><span style=\"font-weight: 400;\">En r\u00e9sum\u00e9, les utilisateurs qui acc\u00e8dent \u00e0 ce site web peuvent visualiser les contenus et r\u00e9aliser, le cas \u00e9ch\u00e9ant, des copies priv\u00e9es autoris\u00e9es, \u00e0 condition que les \u00e9l\u00e9ments reproduits ne soient pas c\u00e9d\u00e9s ult\u00e9rieurement \u00e0 des tiers, ni install\u00e9s sur des serveurs connect\u00e9s \u00e0 des r\u00e9seaux, ni soumis \u00e0 un quelconque type d&rsquo;exploitation et uniquement et exclusivement pendant la dur\u00e9e de validit\u00e9 du service.<\/span><\/p>\n<p><span style=\"font-weight: 400;\">&nbsp;De m\u00eame, toutes les marques, noms commerciaux ou signes distinctifs de toute nature qui apparaissent sur le site Web sont la propri\u00e9t\u00e9 de CONNECTEDFUN HOLIDAYS, S.L., et il ne peut \u00eatre interpr\u00e9t\u00e9 que l&rsquo;utilisation ou l&rsquo;acc\u00e8s au site Web conf\u00e8re \u00e0 l&rsquo;Utilisateur un quelconque droit sur ceux-ci.<\/span><\/p>\n<p><span style=\"font-weight: 400;\">&nbsp;&nbsp;&nbsp;&nbsp;La distribution, la modification, le transfert ou la communication publique des contenus et tout autre acte qui n&rsquo;a pas \u00e9t\u00e9 express\u00e9ment autoris\u00e9 par CONNECTEDFUN HOLIDAYS, S.L. En cas de non respect, CONNECTEDFUN HOLIDAYS, S.L. proc\u00e9dera \u00e0 l&rsquo;adoption des mesures l\u00e9gales appropri\u00e9es.<\/span><\/p>\n<ol start=\"8\">\n<li><b>  Clause de non-responsabilit\u00e9 et modification du pr\u00e9sent avis juridique<\/b><\/li>\n<\/ol>\n<p><span style=\"font-weight: 400;\">Le site www.wordpress-1203075-5579416.cloudwaysapps.com utilise des techniques de s\u00e9curit\u00e9 de l&rsquo;information telles que des pare-feu, des proc\u00e9dures de contr\u00f4le d&rsquo;acc\u00e8s et des m\u00e9canismes cryptographiques, dans le but d&#8217;emp\u00eacher l&rsquo;acc\u00e8s non autoris\u00e9 aux donn\u00e9es et de garantir leur confidentialit\u00e9.<\/span><\/p>\n<p><span style=\"font-weight: 400;\">&nbsp;L&rsquo;information diffus\u00e9e sur ce site web l&rsquo;est \u00e0 titre informatif et exclusif, et CONNECTEDFUN HOLIDAYS, S.L. se r\u00e9serve le droit d&rsquo;en faire usage.&nbsp;le droit de supprimer ou de suspendre sa diffusion, en tout ou en partie, et de modifier la structure et le contenu de ce site web sans pr\u00e9avis, voire de limiter ou de refuser l&rsquo;acc\u00e8s \u00e0 ces informations.&nbsp;&nbsp;&nbsp;CONNECTEDFUN HOLIDAYS, S.L. essaie de maintenir la qualit\u00e9 et la mise \u00e0 jour de cette information et d&rsquo;\u00e9viter et de minimiser les erreurs possibles, mais CONNECTEDFUN HOLIDAYS, S.L. n&rsquo;est pas en mesure d&rsquo;assurer la qualit\u00e9 de cette information.&nbsp;n&rsquo;est pas responsable des dommages ou pertes caus\u00e9s par des d\u00e9cisions prises sur la base des informations diffus\u00e9es, ni des inexactitudes, omissions ou erreurs qu&rsquo;elles contiennent, ni des probl\u00e8mes d\u00e9coulant de l&rsquo;utilisation de ce site web ou de toute autre connexion externe, ni des dommages et\/ou pertes caus\u00e9s au logiciel ou au mat\u00e9riel informatique de l&rsquo;utilisateur suite \u00e0 l&rsquo;acc\u00e8s \u00e0 ce site web.<\/span><\/p>\n<p><span style=\"font-weight: 400;\">&nbsp;&nbsp;Les utilisateurs acceptent express\u00e9ment que CONNECTEDFUN HOLIDAYS, S.L. ne soit pas responsable de l&rsquo;acc\u00e8s non autoris\u00e9 ou de l&rsquo;alt\u00e9ration de leurs transmissions ou donn\u00e9es, de tout mat\u00e9riel ou donn\u00e9es envoy\u00e9s ou re\u00e7us ou non envoy\u00e9s ou re\u00e7us, ou de toute transaction r\u00e9alis\u00e9e \u00e0 travers son site web.<\/span><\/p>\n<p><span style=\"font-weight: 400;\">&nbsp;&nbsp; CONNECTEDFUN HOLIDAYS, S.L. se r\u00e9serve le droit de modifier cet avis l\u00e9gal unilat\u00e9ralement et sans pr\u00e9avis dans les termes et conditions qu&rsquo;elle juge appropri\u00e9s, avec la seule obligation d&rsquo;informer l&rsquo;utilisateur des modifications apport\u00e9es via&nbsp;<\/span><a href=\"http:\/\/www.aixacorpore.es\/\"><span style=\"font-weight: 400;\">www.wordpress-1203075-5579416.cloudwaysapps.com<\/span><\/a><span style=\"font-weight: 400;\">.<\/span><\/p>\n<ol start=\"9\">\n<li><b>  Nullit\u00e9 partielle<\/b><\/li>\n<\/ol>\n<p><span style=\"font-weight: 400;\">Si l&rsquo;une de ces clauses est d\u00e9clar\u00e9e nulle et non avenue par une d\u00e9cision d\u00e9finitive d&rsquo;une autorit\u00e9 comp\u00e9tente, les autres conditions resteront en vigueur et ne seront pas affect\u00e9es par cette d\u00e9claration de nullit\u00e9.<\/span><\/p>\n<ol start=\"10\">\n<li><b>  Droit applicable et juridictions comp\u00e9tentes<\/b><\/li>\n<\/ol>\n<p><span style=\"font-weight: 400;\">Ce site web est soumis aux dispositions de la l\u00e9gislation espagnole et des r\u00e8glements europ\u00e9ens applicables.<\/span><\/p>\n<p><span style=\"font-weight: 400;\">&nbsp;&nbsp;Tout litige li\u00e9 \u00e0 l&rsquo;utilisation du site web ou de ces produits sera soumis \u00e0 la juridiction non exclusive des cours et tribunaux espagnols de la province de Santa Cruz de Tenerife.<\/span><\/p>\n<p><span style=\"font-weight: 400;\">Si vous \u00eates un consommateur final, aucune disposition de la pr\u00e9sente clause n&rsquo;affecte vos droits en tant que consommateur en vertu de la l\u00e9gislation applicable, et vous pouvez choisir d&rsquo;introduire une r\u00e9clamation pour faire valoir vos droits en relation avec les pr\u00e9sentes conditions g\u00e9n\u00e9rales devant le tribunal ou les tribunaux de votre domicile.<\/span><\/p>\n<p><\/p>\n<p><br><\/p>\t\t\t\t\t\t\t\t<\/div>\n\t\t\t\t<\/div>\n\t\t\t\t\t<\/div>\n\t\t\t\t<\/div>\n\t\t\t\t<\/div>\n\t\t","protected":false},"excerpt":{"rendered":"<p>AVIS JURIDIQUE Objectif et acceptation Cet avis juridique r\u00e9git l&rsquo;utilisation du site web : www.wordpress-1203075-5579416.cloudwaysapps.com Le site web www.wordpress-1203075-5579416.cloudwaysapps.com fournit [&hellip;]<\/p>\n","protected":false},"author":1,"featured_media":0,"parent":0,"menu_order":0,"comment_status":"closed","ping_status":"closed","template":"","meta":{"site-sidebar-layout":"default","site-content-layout":"","ast-site-content-layout":"default","site-content-style":"default","site-sidebar-style":"default","ast-global-header-display":"","ast-banner-title-visibility":"","ast-main-header-display":"","ast-hfb-above-header-display":"","ast-hfb-below-header-display":"","ast-hfb-mobile-header-display":"","site-post-title":"","ast-breadcrumbs-content":"","ast-featured-img":"","footer-sml-layout":"","theme-transparent-header-meta":"","adv-header-id-meta":"","stick-header-meta":"","header-above-stick-meta":"","header-main-stick-meta":"","header-below-stick-meta":"","astra-migrate-meta-layouts":"default","ast-page-background-enabled":"default","ast-page-background-meta":{"desktop":{"background-color":"var(--ast-global-color-4)","background-image":"","background-repeat":"repeat","background-position":"center center","background-size":"auto","background-attachment":"scroll","background-type":"","background-media":"","overlay-type":"","overlay-color":"","overlay-opacity":"","overlay-gradient":""},"tablet":{"background-color":"","background-image":"","background-repeat":"repeat","background-position":"center center","background-size":"auto","background-attachment":"scroll","background-type":"","background-media":"","overlay-type":"","overlay-color":"","overlay-opacity":"","overlay-gradient":""},"mobile":{"background-color":"","background-image":"","background-repeat":"repeat","background-position":"center center","background-size":"auto","background-attachment":"scroll","background-type":"","background-media":"","overlay-type":"","overlay-color":"","overlay-opacity":"","overlay-gradient":""}},"ast-content-background-meta":{"desktop":{"background-color":"var(--ast-global-color-5)","background-image":"","background-repeat":"repeat","background-position":"center center","background-size":"auto","background-attachment":"scroll","background-type":"","background-media":"","overlay-type":"","overlay-color":"","overlay-opacity":"","overlay-gradient":""},"tablet":{"background-color":"var(--ast-global-color-5)","background-image":"","background-repeat":"repeat","background-position":"center center","background-size":"auto","background-attachment":"scroll","background-type":"","background-media":"","overlay-type":"","overlay-color":"","overlay-opacity":"","overlay-gradient":""},"mobile":{"background-color":"var(--ast-global-color-5)","background-image":"","background-repeat":"repeat","background-position":"center center","background-size":"auto","background-attachment":"scroll","background-type":"","background-media":"","overlay-type":"","overlay-color":"","overlay-opacity":"","overlay-gradient":""}},"_joinchat":[],"footnotes":""},"class_list":["post-26119","page","type-page","status-publish","hentry"],"_links":{"self":[{"href":"https:\/\/connectedfun.es\/fr\/wp-json\/wp\/v2\/pages\/26119","targetHints":{"allow":["GET"]}}],"collection":[{"href":"https:\/\/connectedfun.es\/fr\/wp-json\/wp\/v2\/pages"}],"about":[{"href":"https:\/\/connectedfun.es\/fr\/wp-json\/wp\/v2\/types\/page"}],"author":[{"embeddable":true,"href":"https:\/\/connectedfun.es\/fr\/wp-json\/wp\/v2\/users\/1"}],"replies":[{"embeddable":true,"href":"https:\/\/connectedfun.es\/fr\/wp-json\/wp\/v2\/comments?post=26119"}],"version-history":[{"count":1,"href":"https:\/\/connectedfun.es\/fr\/wp-json\/wp\/v2\/pages\/26119\/revisions"}],"predecessor-version":[{"id":26121,"href":"https:\/\/connectedfun.es\/fr\/wp-json\/wp\/v2\/pages\/26119\/revisions\/26121"}],"wp:attachment":[{"href":"https:\/\/connectedfun.es\/fr\/wp-json\/wp\/v2\/media?parent=26119"}],"curies":[{"name":"wp","href":"https:\/\/api.w.org\/{rel}","templated":true}]}}